{"id":156,"date":"2025-10-28T16:52:03","date_gmt":"2025-10-28T15:52:03","guid":{"rendered":"https:\/\/iacolino.be\/citroen\/?page_id=156"},"modified":"2025-11-25T11:45:22","modified_gmt":"2025-11-25T10:45:22","slug":"services","status":"publish","type":"page","link":"https:\/\/iacolino.be\/citroen\/services\/","title":{"rendered":"Services"},"content":{"rendered":"\t\t<div data-elementor-type=\"wp-page\" data-elementor-id=\"156\" class=\"elementor elementor-156\" data-elementor-post-type=\"page\">\n\t\t\t\t\t\t<section class=\"elementor-section elementor-top-section elementor-element elementor-element-b5920f5 elementor-section-full_width elementor-section-height-min-height elementor-section-height-default elementor-section-items-middle\" data-id=\"b5920f5\" data-element_type=\"section\" data-e-type=\"section\" data-settings=\"{&quot;background_background&quot;:&quot;classic&quot;}\">\n\t\t\t\t\t\t<div class=\"elementor-container elementor-column-gap-no\">\n\t\t\t\t\t<div class=\"elementor-column elementor-col-100 elementor-top-column elementor-element elementor-element-478a8b68\" data-id=\"478a8b68\" data-element_type=\"column\" data-e-type=\"column\" data-settings=\"{&quot;background_background&quot;:&quot;classic&quot;}\">\n\t\t\t<div class=\"elementor-widget-wrap elementor-element-populated\">\n\t\t\t\t\t\t<section class=\"elementor-section elementor-inner-section elementor-element elementor-element-7ae9e24e elementor-section-boxed elementor-section-height-default elementor-section-height-default\" data-id=\"7ae9e24e\" data-element_type=\"section\" data-e-type=\"section\" data-settings=\"{&quot;background_background&quot;:&quot;classic&quot;}\">\n\t\t\t\t\t\t<div class=\"elementor-container elementor-column-gap-default\">\n\t\t\t\t\t<div class=\"elementor-column elementor-col-100 elementor-inner-column elementor-element elementor-element-2dd5fbac\" data-id=\"2dd5fbac\" data-element_type=\"column\" data-e-type=\"column\">\n\t\t\t<div class=\"elementor-widget-wrap elementor-element-populated\">\n\t\t\t\t\t\t<div class=\"elementor-element elementor-element-20543e18 elementor-widget elementor-widget-heading\" data-id=\"20543e18\" data-element_type=\"widget\" data-e-type=\"widget\" data-widget_type=\"heading.default\">\n\t\t\t\t\t<h1 class=\"elementor-heading-title elementor-size-default\">Services<\/h1>\t\t\t\t<\/div>\n\t\t\t\t\t<\/div>\n\t\t<\/div>\n\t\t\t\t\t<\/div>\n\t\t<\/section>\n\t\t\t\t\t<\/div>\n\t\t<\/div>\n\t\t\t\t\t<\/div>\n\t\t<\/section>\n\t\t<div class=\"elementor-element elementor-element-1d96ed2 e-flex e-con-boxed e-con e-parent\" data-id=\"1d96ed2\" data-element_type=\"container\" data-e-type=\"container\">\n\t\t\t\t\t<div class=\"e-con-inner\">\n\t\t\t\t<div class=\"elementor-element elementor-element-df20326 elementor-widget elementor-widget-heading\" data-id=\"df20326\" data-element_type=\"widget\" data-e-type=\"widget\" data-widget_type=\"heading.default\">\n\t\t\t\t\t<h2 class=\"elementor-heading-title elementor-size-default\">D\u00e9couvrez nos diff\u00e9rents services<\/h2>\t\t\t\t<\/div>\n\t\t\t\t\t<\/div>\n\t\t\t\t<\/div>\n\t\t<div class=\"elementor-element elementor-element-5fbb0b7 e-flex e-con-boxed e-con e-parent\" data-id=\"5fbb0b7\" data-element_type=\"container\" data-e-type=\"container\">\n\t\t\t\t\t<div class=\"e-con-inner\">\n\t\t<div class=\"elementor-element elementor-element-60dd47a e-con-full e-flex e-con e-child\" data-id=\"60dd47a\" data-element_type=\"container\" data-e-type=\"container\">\n\t\t\t\t<div class=\"elementor-element elementor-element-58ab6df elementor-widget elementor-widget-image\" data-id=\"58ab6df\" data-element_type=\"widget\" data-e-type=\"widget\" data-widget_type=\"image.default\">\n\t\t\t\t\t\t\t\t\t\t\t\t\t\t\t<img fetchpriority=\"high\" decoding=\"async\" width=\"800\" height=\"457\" src=\"https:\/\/iacolino.be\/citroen\/wp-content\/uploads\/2025\/11\/citroen_iacolino_services_entretien.webp\" class=\"attachment-large size-large wp-image-1110\" alt=\"\" srcset=\"https:\/\/iacolino.be\/citroen\/wp-content\/uploads\/2025\/11\/citroen_iacolino_services_entretien.webp 899w, https:\/\/iacolino.be\/citroen\/wp-content\/uploads\/2025\/11\/citroen_iacolino_services_entretien-300x171.webp 300w, https:\/\/iacolino.be\/citroen\/wp-content\/uploads\/2025\/11\/citroen_iacolino_services_entretien-768x438.webp 768w\" sizes=\"(max-width: 800px) 100vw, 800px\" \/>\t\t\t\t\t\t\t\t\t\t\t\t\t\t\t<\/div>\n\t\t\t\t<div class=\"elementor-element elementor-element-a9cfc5b elementor-widget elementor-widget-heading\" data-id=\"a9cfc5b\" data-element_type=\"widget\" data-e-type=\"widget\" data-widget_type=\"heading.default\">\n\t\t\t\t\t<h2 class=\"elementor-heading-title elementor-size-default\">\nEntretien et maintenance : Forfaits, bilans, r\u00e9parations en tous genres\n<\/h2>\t\t\t\t<\/div>\n\t\t\t\t<\/div>\n\t\t<div class=\"elementor-element elementor-element-d8561fb e-con-full e-flex e-con e-child\" data-id=\"d8561fb\" data-element_type=\"container\" data-e-type=\"container\">\n\t\t\t\t<div class=\"elementor-element elementor-element-c3aabc3 elementor-widget elementor-widget-image\" data-id=\"c3aabc3\" data-element_type=\"widget\" data-e-type=\"widget\" data-widget_type=\"image.default\">\n\t\t\t\t\t\t\t\t\t\t\t\t\t\t\t<img decoding=\"async\" width=\"800\" height=\"457\" src=\"https:\/\/iacolino.be\/citroen\/wp-content\/uploads\/2025\/11\/citroen_iacolino_services_pieces_et_accessoires.webp\" class=\"attachment-large size-large wp-image-1112\" alt=\"\" srcset=\"https:\/\/iacolino.be\/citroen\/wp-content\/uploads\/2025\/11\/citroen_iacolino_services_pieces_et_accessoires.webp 899w, https:\/\/iacolino.be\/citroen\/wp-content\/uploads\/2025\/11\/citroen_iacolino_services_pieces_et_accessoires-300x171.webp 300w, https:\/\/iacolino.be\/citroen\/wp-content\/uploads\/2025\/11\/citroen_iacolino_services_pieces_et_accessoires-768x438.webp 768w\" sizes=\"(max-width: 800px) 100vw, 800px\" \/>\t\t\t\t\t\t\t\t\t\t\t\t\t\t\t<\/div>\n\t\t\t\t<div class=\"elementor-element elementor-element-6721215 elementor-widget elementor-widget-heading\" data-id=\"6721215\" data-element_type=\"widget\" data-e-type=\"widget\" data-widget_type=\"heading.default\">\n\t\t\t\t\t<h2 class=\"elementor-heading-title elementor-size-default\">Pi\u00e8ces et accessoires : Pi\u00e8ces d\u2019origine Citro\u00ebn<\/h2>\t\t\t\t<\/div>\n\t\t\t\t<\/div>\n\t\t\t\t\t<\/div>\n\t\t\t\t<\/div>\n\t\t<div class=\"elementor-element elementor-element-512cd7a e-flex e-con-boxed e-con e-parent\" data-id=\"512cd7a\" data-element_type=\"container\" data-e-type=\"container\">\n\t\t\t\t\t<div class=\"e-con-inner\">\n\t\t<div class=\"elementor-element elementor-element-3b8b7f4 e-con-full e-flex e-con e-child\" data-id=\"3b8b7f4\" data-element_type=\"container\" data-e-type=\"container\">\n\t\t\t\t<div class=\"elementor-element elementor-element-7148083 elementor-widget elementor-widget-image\" data-id=\"7148083\" data-element_type=\"widget\" data-e-type=\"widget\" data-widget_type=\"image.default\">\n\t\t\t\t\t\t\t\t\t\t\t\t\t\t\t<img decoding=\"async\" width=\"800\" height=\"457\" src=\"https:\/\/iacolino.be\/citroen\/wp-content\/uploads\/2025\/11\/citroen_iacolino_services_assistances.webp\" class=\"attachment-large size-large wp-image-1107\" alt=\"\" srcset=\"https:\/\/iacolino.be\/citroen\/wp-content\/uploads\/2025\/11\/citroen_iacolino_services_assistances.webp 899w, https:\/\/iacolino.be\/citroen\/wp-content\/uploads\/2025\/11\/citroen_iacolino_services_assistances-300x171.webp 300w, https:\/\/iacolino.be\/citroen\/wp-content\/uploads\/2025\/11\/citroen_iacolino_services_assistances-768x438.webp 768w\" sizes=\"(max-width: 800px) 100vw, 800px\" \/>\t\t\t\t\t\t\t\t\t\t\t\t\t\t\t<\/div>\n\t\t\t\t<div class=\"elementor-element elementor-element-2a8d40c elementor-widget elementor-widget-heading\" data-id=\"2a8d40c\" data-element_type=\"widget\" data-e-type=\"widget\" data-widget_type=\"heading.default\">\n\t\t\t\t\t<h2 class=\"elementor-heading-title elementor-size-default\">Assistance et garantie : Roulez en toute tranquillit\u00e9 \u2013 Service d\u2019assistance 24H\/24 et 7J\/7.<\/h2>\t\t\t\t<\/div>\n\t\t\t\t<\/div>\n\t\t<div class=\"elementor-element elementor-element-97214d9 e-con-full e-flex e-con e-child\" data-id=\"97214d9\" data-element_type=\"container\" data-e-type=\"container\">\n\t\t\t\t<div class=\"elementor-element elementor-element-c417eaf elementor-widget elementor-widget-image\" data-id=\"c417eaf\" data-element_type=\"widget\" data-e-type=\"widget\" data-widget_type=\"image.default\">\n\t\t\t\t\t\t\t\t\t\t\t\t\t\t\t<img loading=\"lazy\" decoding=\"async\" width=\"700\" height=\"399\" src=\"https:\/\/iacolino.be\/citroen\/wp-content\/uploads\/2025\/11\/citroen_iacolino_services_financement.webp\" class=\"attachment-large size-large wp-image-1111\" alt=\"\" srcset=\"https:\/\/iacolino.be\/citroen\/wp-content\/uploads\/2025\/11\/citroen_iacolino_services_financement.webp 700w, https:\/\/iacolino.be\/citroen\/wp-content\/uploads\/2025\/11\/citroen_iacolino_services_financement-300x171.webp 300w\" sizes=\"(max-width: 700px) 100vw, 700px\" \/>\t\t\t\t\t\t\t\t\t\t\t\t\t\t\t<\/div>\n\t\t\t\t<div class=\"elementor-element elementor-element-6c64127 elementor-widget elementor-widget-heading\" data-id=\"6c64127\" data-element_type=\"widget\" data-e-type=\"widget\" data-widget_type=\"heading.default\">\n\t\t\t\t\t<h2 class=\"elementor-heading-title elementor-size-default\">Financement : Choix de financement pour optimiser son achat<\/h2>\t\t\t\t<\/div>\n\t\t\t\t<\/div>\n\t\t\t\t\t<\/div>\n\t\t\t\t<\/div>\n\t\t<div class=\"elementor-element elementor-element-178f75a e-flex e-con-boxed e-con e-parent\" data-id=\"178f75a\" data-element_type=\"container\" data-e-type=\"container\">\n\t\t\t\t\t<div class=\"e-con-inner\">\n\t\t<div class=\"elementor-element elementor-element-c073dd5 e-con-full e-flex e-con e-child\" data-id=\"c073dd5\" data-element_type=\"container\" data-e-type=\"container\">\n\t\t\t\t<div class=\"elementor-element elementor-element-b165eec elementor-widget elementor-widget-image\" data-id=\"b165eec\" data-element_type=\"widget\" data-e-type=\"widget\" data-widget_type=\"image.default\">\n\t\t\t\t\t\t\t\t\t\t\t\t\t\t\t<img loading=\"lazy\" decoding=\"async\" width=\"700\" height=\"399\" src=\"https:\/\/iacolino.be\/citroen\/wp-content\/uploads\/2025\/11\/citroen_iacolino_services_carosserie.webp\" class=\"attachment-large size-large wp-image-1108\" alt=\"\" srcset=\"https:\/\/iacolino.be\/citroen\/wp-content\/uploads\/2025\/11\/citroen_iacolino_services_carosserie.webp 700w, https:\/\/iacolino.be\/citroen\/wp-content\/uploads\/2025\/11\/citroen_iacolino_services_carosserie-300x171.webp 300w\" sizes=\"(max-width: 700px) 100vw, 700px\" \/>\t\t\t\t\t\t\t\t\t\t\t\t\t\t\t<\/div>\n\t\t\t\t<div class=\"elementor-element elementor-element-04e408c elementor-widget elementor-widget-heading\" data-id=\"04e408c\" data-element_type=\"widget\" data-e-type=\"widget\" data-widget_type=\"heading.default\">\n\t\t\t\t\t<h2 class=\"elementor-heading-title elementor-size-default\">D\u00e9partement carosserie\n<\/h2>\t\t\t\t<\/div>\n\t\t\t\t<\/div>\n\t\t<div class=\"elementor-element elementor-element-1ed255b e-con-full e-flex e-con e-child\" data-id=\"1ed255b\" data-element_type=\"container\" data-e-type=\"container\">\n\t\t\t\t<div class=\"elementor-element elementor-element-5e41673 elementor-widget elementor-widget-image\" data-id=\"5e41673\" data-element_type=\"widget\" data-e-type=\"widget\" data-widget_type=\"image.default\">\n\t\t\t\t\t\t\t\t\t\t\t\t\t\t\t<img loading=\"lazy\" decoding=\"async\" width=\"700\" height=\"399\" src=\"https:\/\/iacolino.be\/citroen\/wp-content\/uploads\/2025\/11\/citroen_iacolino_services_depannage.webp\" class=\"attachment-large size-large wp-image-1109\" alt=\"\" srcset=\"https:\/\/iacolino.be\/citroen\/wp-content\/uploads\/2025\/11\/citroen_iacolino_services_depannage.webp 700w, https:\/\/iacolino.be\/citroen\/wp-content\/uploads\/2025\/11\/citroen_iacolino_services_depannage-300x171.webp 300w\" sizes=\"(max-width: 700px) 100vw, 700px\" \/>\t\t\t\t\t\t\t\t\t\t\t\t\t\t\t<\/div>\n\t\t\t\t<div class=\"elementor-element elementor-element-e14782b elementor-widget elementor-widget-heading\" data-id=\"e14782b\" data-element_type=\"widget\" data-e-type=\"widget\" data-widget_type=\"heading.default\">\n\t\t\t\t\t<h2 class=\"elementor-heading-title elementor-size-default\">Service d\u00e9pannage 24\/24h\n\n<\/h2>\t\t\t\t<\/div>\n\t\t\t\t<\/div>\n\t\t\t\t\t<\/div>\n\t\t\t\t<\/div>\n\t\t\t\t<\/div>\n\t\t","protected":false},"excerpt":{"rendered":"<p>D\u00e9couvrez nos diff\u00e9rents services Entretien et maintenance : Forfaits, bilans, r\u00e9parations en tous genres Pi\u00e8ces et accessoires : Pi\u00e8ces d\u2019origine Citro\u00ebn Assistance et garantie : Roulez en toute tranquillit\u00e9 \u2013 Service d\u2019assistance 24H\/24 et 7J\/7. Financement : Choix de financement pour optimiser son achat D\u00e9partement carosserie Service d\u00e9pannage 24\/24h<\/p>\n","protected":false},"author":2,"featured_media":0,"parent":0,"menu_order":0,"comment_status":"closed","ping_status":"closed","template":"elementor_header_footer","meta":{"footnotes":""},"class_list":["post-156","page","type-page","status-publish","hentry"],"yoast_head":"<!-- This site is optimized with the Yoast SEO plugin v27.5 - https:\/\/yoast.com\/product\/yoast-seo-wordpress\/ -->\n<title>R\u00e9paration carrosserie voiture iacolino Seraing Li\u00e8ge<\/title>\n<meta name=\"description\" content=\"R\u00e9paration carrosserie voiture iacolino Seraing Li\u00e8ge. Iacolino, c&#039;est aussi la r\u00e9paration de votre voiture. Service carrosserie, d\u00e9pannage\" \/>\n<meta name=\"robots\" content=\"index, follow, max-snippet:-1, max-image-preview:large, max-video-preview:-1\" \/>\n<link rel=\"canonical\" href=\"https:\/\/iacolino.be\/citroen\/services\/\" \/>\n<meta property=\"og:locale\" content=\"fr_FR\" \/>\n<meta property=\"og:type\" content=\"article\" \/>\n<meta property=\"og:title\" content=\"R\u00e9paration carrosserie voiture iacolino Seraing Li\u00e8ge\" \/>\n<meta property=\"og:description\" content=\"R\u00e9paration carrosserie voiture iacolino Seraing Li\u00e8ge. Iacolino, c&#039;est aussi la r\u00e9paration de votre voiture. Service carrosserie, d\u00e9pannage\" \/>\n<meta property=\"og:url\" content=\"https:\/\/iacolino.be\/citroen\/services\/\" \/>\n<meta property=\"og:site_name\" content=\"iacolino.be - Citro\u00ebn\" \/>\n<meta property=\"article:publisher\" content=\"https:\/\/www.facebook.com\/peugeotiacolinoseraing\/?locale=fr_FR\" \/>\n<meta property=\"article:modified_time\" content=\"2025-11-25T10:45:22+00:00\" \/>\n<meta property=\"og:image\" content=\"https:\/\/iacolino.be\/citroen\/wp-content\/uploads\/2025\/11\/citroen_iacolino_services_entretien.webp\" \/>\n\t<meta property=\"og:image:width\" content=\"899\" \/>\n\t<meta property=\"og:image:height\" content=\"513\" \/>\n\t<meta property=\"og:image:type\" content=\"image\/webp\" \/>\n<meta name=\"twitter:card\" content=\"summary_large_image\" \/>\n<meta name=\"twitter:label1\" content=\"Dur\u00e9e de lecture estim\u00e9e\" \/>\n\t<meta name=\"twitter:data1\" content=\"1 minute\" \/>\n<script type=\"application\/ld+json\" class=\"yoast-schema-graph\">{\"@context\":\"https:\\\/\\\/schema.org\",\"@graph\":[{\"@type\":\"WebPage\",\"@id\":\"https:\\\/\\\/iacolino.be\\\/citroen\\\/services\\\/\",\"url\":\"https:\\\/\\\/iacolino.be\\\/citroen\\\/services\\\/\",\"name\":\"R\u00e9paration carrosserie voiture iacolino Seraing Li\u00e8ge\",\"isPartOf\":{\"@id\":\"https:\\\/\\\/iacolino.be\\\/citroen\\\/#website\"},\"primaryImageOfPage\":{\"@id\":\"https:\\\/\\\/iacolino.be\\\/citroen\\\/services\\\/#primaryimage\"},\"image\":{\"@id\":\"https:\\\/\\\/iacolino.be\\\/citroen\\\/services\\\/#primaryimage\"},\"thumbnailUrl\":\"https:\\\/\\\/iacolino.be\\\/citroen\\\/wp-content\\\/uploads\\\/2025\\\/11\\\/citroen_iacolino_services_entretien.webp\",\"datePublished\":\"2025-10-28T15:52:03+00:00\",\"dateModified\":\"2025-11-25T10:45:22+00:00\",\"description\":\"R\u00e9paration carrosserie voiture iacolino Seraing Li\u00e8ge. Iacolino, c'est aussi la r\u00e9paration de votre voiture. Service carrosserie, d\u00e9pannage\",\"breadcrumb\":{\"@id\":\"https:\\\/\\\/iacolino.be\\\/citroen\\\/services\\\/#breadcrumb\"},\"inLanguage\":\"fr-FR\",\"potentialAction\":[{\"@type\":\"ReadAction\",\"target\":[\"https:\\\/\\\/iacolino.be\\\/citroen\\\/services\\\/\"]}]},{\"@type\":\"ImageObject\",\"inLanguage\":\"fr-FR\",\"@id\":\"https:\\\/\\\/iacolino.be\\\/citroen\\\/services\\\/#primaryimage\",\"url\":\"https:\\\/\\\/iacolino.be\\\/citroen\\\/wp-content\\\/uploads\\\/2025\\\/11\\\/citroen_iacolino_services_entretien.webp\",\"contentUrl\":\"https:\\\/\\\/iacolino.be\\\/citroen\\\/wp-content\\\/uploads\\\/2025\\\/11\\\/citroen_iacolino_services_entretien.webp\",\"width\":899,\"height\":513},{\"@type\":\"BreadcrumbList\",\"@id\":\"https:\\\/\\\/iacolino.be\\\/citroen\\\/services\\\/#breadcrumb\",\"itemListElement\":[{\"@type\":\"ListItem\",\"position\":1,\"name\":\"Accueil\",\"item\":\"https:\\\/\\\/iacolino.be\\\/citroen\\\/\"},{\"@type\":\"ListItem\",\"position\":2,\"name\":\"Services\"}]},{\"@type\":\"WebSite\",\"@id\":\"https:\\\/\\\/iacolino.be\\\/citroen\\\/#website\",\"url\":\"https:\\\/\\\/iacolino.be\\\/citroen\\\/\",\"name\":\"iacolino.be - Peugeot\",\"description\":\"\",\"potentialAction\":[{\"@type\":\"SearchAction\",\"target\":{\"@type\":\"EntryPoint\",\"urlTemplate\":\"https:\\\/\\\/iacolino.be\\\/citroen\\\/?s={search_term_string}\"},\"query-input\":{\"@type\":\"PropertyValueSpecification\",\"valueRequired\":true,\"valueName\":\"search_term_string\"}}],\"inLanguage\":\"fr-FR\"}]}<\/script>\n<!-- \/ Yoast SEO plugin. -->","yoast_head_json":{"title":"R\u00e9paration carrosserie voiture iacolino Seraing Li\u00e8ge","description":"R\u00e9paration carrosserie voiture iacolino Seraing Li\u00e8ge. Iacolino, c'est aussi la r\u00e9paration de votre voiture. Service carrosserie, d\u00e9pannage","robots":{"index":"index","follow":"follow","max-snippet":"max-snippet:-1","max-image-preview":"max-image-preview:large","max-video-preview":"max-video-preview:-1"},"canonical":"https:\/\/iacolino.be\/citroen\/services\/","og_locale":"fr_FR","og_type":"article","og_title":"R\u00e9paration carrosserie voiture iacolino Seraing Li\u00e8ge","og_description":"R\u00e9paration carrosserie voiture iacolino Seraing Li\u00e8ge. Iacolino, c'est aussi la r\u00e9paration de votre voiture. Service carrosserie, d\u00e9pannage","og_url":"https:\/\/iacolino.be\/citroen\/services\/","og_site_name":"iacolino.be - Citro\u00ebn","article_publisher":"https:\/\/www.facebook.com\/peugeotiacolinoseraing\/?locale=fr_FR","article_modified_time":"2025-11-25T10:45:22+00:00","og_image":[{"width":899,"height":513,"url":"https:\/\/iacolino.be\/citroen\/wp-content\/uploads\/2025\/11\/citroen_iacolino_services_entretien.webp","type":"image\/webp"}],"twitter_card":"summary_large_image","twitter_misc":{"Dur\u00e9e de lecture estim\u00e9e":"1 minute"},"schema":{"@context":"https:\/\/schema.org","@graph":[{"@type":"WebPage","@id":"https:\/\/iacolino.be\/citroen\/services\/","url":"https:\/\/iacolino.be\/citroen\/services\/","name":"R\u00e9paration carrosserie voiture iacolino Seraing Li\u00e8ge","isPartOf":{"@id":"https:\/\/iacolino.be\/citroen\/#website"},"primaryImageOfPage":{"@id":"https:\/\/iacolino.be\/citroen\/services\/#primaryimage"},"image":{"@id":"https:\/\/iacolino.be\/citroen\/services\/#primaryimage"},"thumbnailUrl":"https:\/\/iacolino.be\/citroen\/wp-content\/uploads\/2025\/11\/citroen_iacolino_services_entretien.webp","datePublished":"2025-10-28T15:52:03+00:00","dateModified":"2025-11-25T10:45:22+00:00","description":"R\u00e9paration carrosserie voiture iacolino Seraing Li\u00e8ge. Iacolino, c'est aussi la r\u00e9paration de votre voiture. Service carrosserie, d\u00e9pannage","breadcrumb":{"@id":"https:\/\/iacolino.be\/citroen\/services\/#breadcrumb"},"inLanguage":"fr-FR","potentialAction":[{"@type":"ReadAction","target":["https:\/\/iacolino.be\/citroen\/services\/"]}]},{"@type":"ImageObject","inLanguage":"fr-FR","@id":"https:\/\/iacolino.be\/citroen\/services\/#primaryimage","url":"https:\/\/iacolino.be\/citroen\/wp-content\/uploads\/2025\/11\/citroen_iacolino_services_entretien.webp","contentUrl":"https:\/\/iacolino.be\/citroen\/wp-content\/uploads\/2025\/11\/citroen_iacolino_services_entretien.webp","width":899,"height":513},{"@type":"BreadcrumbList","@id":"https:\/\/iacolino.be\/citroen\/services\/#breadcrumb","itemListElement":[{"@type":"ListItem","position":1,"name":"Accueil","item":"https:\/\/iacolino.be\/citroen\/"},{"@type":"ListItem","position":2,"name":"Services"}]},{"@type":"WebSite","@id":"https:\/\/iacolino.be\/citroen\/#website","url":"https:\/\/iacolino.be\/citroen\/","name":"iacolino.be - Peugeot","description":"","potentialAction":[{"@type":"SearchAction","target":{"@type":"EntryPoint","urlTemplate":"https:\/\/iacolino.be\/citroen\/?s={search_term_string}"},"query-input":{"@type":"PropertyValueSpecification","valueRequired":true,"valueName":"search_term_string"}}],"inLanguage":"fr-FR"}]}},"_links":{"self":[{"href":"https:\/\/iacolino.be\/citroen\/wp-json\/wp\/v2\/pages\/156","targetHints":{"allow":["GET"]}}],"collection":[{"href":"https:\/\/iacolino.be\/citroen\/wp-json\/wp\/v2\/pages"}],"about":[{"href":"https:\/\/iacolino.be\/citroen\/wp-json\/wp\/v2\/types\/page"}],"author":[{"embeddable":true,"href":"https:\/\/iacolino.be\/citroen\/wp-json\/wp\/v2\/users\/2"}],"replies":[{"embeddable":true,"href":"https:\/\/iacolino.be\/citroen\/wp-json\/wp\/v2\/comments?post=156"}],"version-history":[{"count":28,"href":"https:\/\/iacolino.be\/citroen\/wp-json\/wp\/v2\/pages\/156\/revisions"}],"predecessor-version":[{"id":1158,"href":"https:\/\/iacolino.be\/citroen\/wp-json\/wp\/v2\/pages\/156\/revisions\/1158"}],"wp:attachment":[{"href":"https:\/\/iacolino.be\/citroen\/wp-json\/wp\/v2\/media?parent=156"}],"curies":[{"name":"wp","href":"https:\/\/api.w.org\/{rel}","templated":true}]}}