{"id":158,"date":"2025-10-28T16:52:39","date_gmt":"2025-10-28T15:52:39","guid":{"rendered":"https:\/\/iacolino.be\/peugeot\/?page_id=158"},"modified":"2025-11-25T11:22:28","modified_gmt":"2025-11-25T10:22:28","slug":"demande-dessai","status":"publish","type":"page","link":"https:\/\/iacolino.be\/peugeot\/demande-dessai\/","title":{"rendered":"Demande d&rsquo;essai"},"content":{"rendered":"\t\t<div data-elementor-type=\"wp-page\" data-elementor-id=\"158\" class=\"elementor elementor-158\" data-elementor-post-type=\"page\">\n\t\t\t\t\t\t<section class=\"elementor-section elementor-top-section elementor-element elementor-element-4271dfe9 elementor-section-full_width elementor-section-height-default elementor-section-height-default\" data-id=\"4271dfe9\" data-element_type=\"section\" data-e-type=\"section\" data-settings=\"{&quot;background_background&quot;:&quot;classic&quot;}\">\n\t\t\t\t\t\t<div class=\"elementor-container elementor-column-gap-no\">\n\t\t\t\t\t<div class=\"elementor-column elementor-col-100 elementor-top-column elementor-element elementor-element-3bfc4648\" data-id=\"3bfc4648\" data-element_type=\"column\" data-e-type=\"column\" data-settings=\"{&quot;background_background&quot;:&quot;classic&quot;}\">\n\t\t\t<div class=\"elementor-widget-wrap elementor-element-populated\">\n\t\t\t\t\t\t<section class=\"elementor-section elementor-inner-section elementor-element elementor-element-50d191cc elementor-section-boxed elementor-section-height-default elementor-section-height-default\" data-id=\"50d191cc\" data-element_type=\"section\" data-e-type=\"section\" data-settings=\"{&quot;background_background&quot;:&quot;classic&quot;}\">\n\t\t\t\t\t\t<div class=\"elementor-container elementor-column-gap-default\">\n\t\t\t\t\t<div class=\"elementor-column elementor-col-100 elementor-inner-column elementor-element elementor-element-be00294\" data-id=\"be00294\" data-element_type=\"column\" data-e-type=\"column\">\n\t\t\t<div class=\"elementor-widget-wrap\">\n\t\t\t\t\t\t\t<\/div>\n\t\t<\/div>\n\t\t\t\t\t<\/div>\n\t\t<\/section>\n\t\t\t\t<section class=\"elementor-section elementor-inner-section elementor-element elementor-element-39a66fa6 elementor-section-boxed elementor-section-height-default elementor-section-height-default\" data-id=\"39a66fa6\" data-element_type=\"section\" data-e-type=\"section\" data-settings=\"{&quot;background_background&quot;:&quot;classic&quot;}\">\n\t\t\t\t\t\t<div class=\"elementor-container elementor-column-gap-default\">\n\t\t\t\t\t<div class=\"elementor-column elementor-col-100 elementor-inner-column elementor-element elementor-element-791a884c\" data-id=\"791a884c\" data-element_type=\"column\" data-e-type=\"column\">\n\t\t\t<div class=\"elementor-widget-wrap elementor-element-populated\">\n\t\t\t\t\t\t<div class=\"elementor-element elementor-element-608ad5b6 elementor-widget elementor-widget-heading\" data-id=\"608ad5b6\" data-element_type=\"widget\" data-e-type=\"widget\" data-widget_type=\"heading.default\">\n\t\t\t\t\t<h1 class=\"elementor-heading-title elementor-size-default\">Demande d&rsquo;essai<\/h1>\t\t\t\t<\/div>\n\t\t\t\t\t<\/div>\n\t\t<\/div>\n\t\t\t\t\t<\/div>\n\t\t<\/section>\n\t\t\t\t\t<\/div>\n\t\t<\/div>\n\t\t\t\t\t<\/div>\n\t\t<\/section>\n\t\t<div class=\"elementor-element elementor-element-5e8dadd e-flex e-con-boxed e-con e-parent\" data-id=\"5e8dadd\" data-element_type=\"container\" data-e-type=\"container\">\n\t\t\t\t\t<div class=\"e-con-inner\">\n\t\t\t\t<div class=\"elementor-element elementor-element-a995213 elementor-widget elementor-widget-heading\" data-id=\"a995213\" data-element_type=\"widget\" data-e-type=\"widget\" data-widget_type=\"heading.default\">\n\t\t\t\t\t<h2 class=\"elementor-heading-title elementor-size-default\">Vous d\u00e9sirez acheter une nouvelle PEUGEOT ?<\/h2>\t\t\t\t<\/div>\n\t\t\t\t<div class=\"elementor-element elementor-element-87d26de elementor-widget elementor-widget-heading\" data-id=\"87d26de\" data-element_type=\"widget\" data-e-type=\"widget\" data-widget_type=\"heading.default\">\n\t\t\t\t\t<h4 class=\"elementor-heading-title elementor-size-default\">Vous souhaitez tester votre nouveau v\u00e9hicule ?<\/h4>\t\t\t\t<\/div>\n\t\t\t\t<div class=\"elementor-element elementor-element-3a91132 elementor-view-default elementor-widget elementor-widget-icon\" data-id=\"3a91132\" data-element_type=\"widget\" data-e-type=\"widget\" data-widget_type=\"icon.default\">\n\t\t\t\t\t\t\t<div class=\"elementor-icon-wrapper\">\n\t\t\t<div class=\"elementor-icon\">\n\t\t\t<i aria-hidden=\"true\" class=\"material-icons md-arrow_circle_down\" data-md-icon=\"arrow_circle_down\"><\/i>\t\t\t<\/div>\n\t\t<\/div>\n\t\t\t\t\t\t<\/div>\n\t\t\t\t<div class=\"elementor-element elementor-element-a51e966 elementor-widget elementor-widget-heading\" data-id=\"a51e966\" data-element_type=\"widget\" data-e-type=\"widget\" data-widget_type=\"heading.default\">\n\t\t\t\t\t<h4 class=\"elementor-heading-title elementor-size-default\">R\u00e9servez votre essai en compl\u00e9tant notre formulaire ci-dessous.<\/h4>\t\t\t\t<\/div>\n\t\t\t\t\t<\/div>\n\t\t\t\t<\/div>\n\t\t\t\t<section class=\"elementor-section elementor-top-section elementor-element elementor-element-53d8a22f elementor-section-boxed elementor-section-height-default elementor-section-height-default\" data-id=\"53d8a22f\" data-element_type=\"section\" data-e-type=\"section\">\n\t\t\t\t\t\t<div class=\"elementor-container elementor-column-gap-default\">\n\t\t\t\t\t<div class=\"elementor-column elementor-col-50 elementor-top-column elementor-element elementor-element-626fd27c\" data-id=\"626fd27c\" data-element_type=\"column\" data-e-type=\"column\">\n\t\t\t<div class=\"elementor-widget-wrap elementor-element-populated\">\n\t\t\t\t\t\t<div class=\"elementor-element elementor-element-6ecd9c5c elementor-widget elementor-widget-image\" data-id=\"6ecd9c5c\" data-element_type=\"widget\" data-e-type=\"widget\" data-widget_type=\"image.default\">\n\t\t\t\t\t\t\t\t\t\t\t\t\t\t\t<img fetchpriority=\"high\" decoding=\"async\" width=\"1920\" height=\"1084\" src=\"https:\/\/iacolino.be\/peugeot\/wp-content\/uploads\/2025\/10\/PGT_P64_PE_SLICE_NEWS_USP_D_x2.jpg\" class=\"attachment-full size-full wp-image-750\" alt=\"\" srcset=\"https:\/\/iacolino.be\/peugeot\/wp-content\/uploads\/2025\/10\/PGT_P64_PE_SLICE_NEWS_USP_D_x2.jpg 1920w, https:\/\/iacolino.be\/peugeot\/wp-content\/uploads\/2025\/10\/PGT_P64_PE_SLICE_NEWS_USP_D_x2-300x169.jpg 300w, https:\/\/iacolino.be\/peugeot\/wp-content\/uploads\/2025\/10\/PGT_P64_PE_SLICE_NEWS_USP_D_x2-1024x578.jpg 1024w, https:\/\/iacolino.be\/peugeot\/wp-content\/uploads\/2025\/10\/PGT_P64_PE_SLICE_NEWS_USP_D_x2-768x434.jpg 768w, https:\/\/iacolino.be\/peugeot\/wp-content\/uploads\/2025\/10\/PGT_P64_PE_SLICE_NEWS_USP_D_x2-1536x867.jpg 1536w\" sizes=\"(max-width: 1920px) 100vw, 1920px\" \/>\t\t\t\t\t\t\t\t\t\t\t\t\t\t\t<\/div>\n\t\t\t\t<div class=\"elementor-element elementor-element-0cbeda5 elementor-widget elementor-widget-image\" data-id=\"0cbeda5\" data-element_type=\"widget\" data-e-type=\"widget\" data-widget_type=\"image.default\">\n\t\t\t\t\t\t\t\t\t\t\t\t\t\t\t<img decoding=\"async\" width=\"1920\" height=\"1084\" src=\"https:\/\/iacolino.be\/peugeot\/wp-content\/uploads\/2025\/10\/PEUGEOT_E3008_2024_005_FR_D_2030x1146.jpg\" class=\"attachment-full size-full wp-image-752\" alt=\"\" srcset=\"https:\/\/iacolino.be\/peugeot\/wp-content\/uploads\/2025\/10\/PEUGEOT_E3008_2024_005_FR_D_2030x1146.jpg 1920w, https:\/\/iacolino.be\/peugeot\/wp-content\/uploads\/2025\/10\/PEUGEOT_E3008_2024_005_FR_D_2030x1146-300x169.jpg 300w, https:\/\/iacolino.be\/peugeot\/wp-content\/uploads\/2025\/10\/PEUGEOT_E3008_2024_005_FR_D_2030x1146-1024x578.jpg 1024w, https:\/\/iacolino.be\/peugeot\/wp-content\/uploads\/2025\/10\/PEUGEOT_E3008_2024_005_FR_D_2030x1146-768x434.jpg 768w, https:\/\/iacolino.be\/peugeot\/wp-content\/uploads\/2025\/10\/PEUGEOT_E3008_2024_005_FR_D_2030x1146-1536x867.jpg 1536w\" sizes=\"(max-width: 1920px) 100vw, 1920px\" \/>\t\t\t\t\t\t\t\t\t\t\t\t\t\t\t<\/div>\n\t\t\t\t\t<\/div>\n\t\t<\/div>\n\t\t\t\t<div class=\"elementor-column elementor-col-50 elementor-top-column elementor-element elementor-element-8df69bc\" data-id=\"8df69bc\" data-element_type=\"column\" data-e-type=\"column\">\n\t\t\t<div class=\"elementor-widget-wrap elementor-element-populated\">\n\t\t\t\t\t\t<div class=\"elementor-element elementor-element-5b11cf8 elementor-widget elementor-widget-heading\" data-id=\"5b11cf8\" data-element_type=\"widget\" data-e-type=\"widget\" data-widget_type=\"heading.default\">\n\t\t\t\t\t<h6 class=\"elementor-heading-title elementor-size-default\">Je souhaite r\u00e9server un essai.<\/h6>\t\t\t\t<\/div>\n\t\t\t\t<div class=\"elementor-element elementor-element-60df7ea elementor-button-align-stretch elementor-widget elementor-widget-form\" data-id=\"60df7ea\" data-element_type=\"widget\" data-e-type=\"widget\" data-settings=\"{&quot;step_next_label&quot;:&quot;Suivant&quot;,&quot;step_previous_label&quot;:&quot;Pr\\u00e9c\\u00e9dent&quot;,&quot;button_width&quot;:&quot;100&quot;,&quot;step_type&quot;:&quot;number_text&quot;,&quot;step_icon_shape&quot;:&quot;circle&quot;}\" data-widget_type=\"form.default\">\n\t\t\t\t\t\t\t<form class=\"elementor-form\" method=\"post\" name=\"Nouveau formulaire\" aria-label=\"Nouveau formulaire\">\n\t\t\t<input type=\"hidden\" name=\"post_id\" value=\"158\"\/>\n\t\t\t<input type=\"hidden\" name=\"form_id\" value=\"60df7ea\"\/>\n\t\t\t<input type=\"hidden\" name=\"referer_title\" value=\"Demande d&#039;essai Peugeot chez iacolino \u00e0 Seraing\" \/>\n\n\t\t\t\t\t\t\t<input type=\"hidden\" name=\"queried_id\" value=\"158\"\/>\n\t\t\t\n\t\t\t<div class=\"elementor-form-fields-wrapper elementor-labels-above\">\n\t\t\t\t\t\t\t\t<div class=\"elementor-field-type-text elementor-field-group elementor-column elementor-field-group-name elementor-col-100 elementor-field-required\">\n\t\t\t\t\t\t\t\t\t\t\t\t<label for=\"form-field-name\" class=\"elementor-field-label\">\n\t\t\t\t\t\t\t\tMod\u00e8le souhait\u00e9\t\t\t\t\t\t\t<\/label>\n\t\t\t\t\t\t\t\t\t\t\t\t\t\t<input size=\"1\" type=\"text\" name=\"form_fields[name]\" id=\"form-field-name\" class=\"elementor-field elementor-size-sm  elementor-field-textual\" placeholder=\"Mod\u00e8le souhait\u00e9\" required=\"required\">\n\t\t\t\t\t\t\t\t\t\t\t<\/div>\n\t\t\t\t\t\t\t\t<div class=\"elementor-field-type-text elementor-field-group elementor-column elementor-field-group-field_abeee0e elementor-col-100 elementor-field-required\">\n\t\t\t\t\t\t\t\t\t\t\t\t<label for=\"form-field-field_abeee0e\" class=\"elementor-field-label\">\n\t\t\t\t\t\t\t\tNom + pr\u00e9nom\t\t\t\t\t\t\t<\/label>\n\t\t\t\t\t\t\t\t\t\t\t\t\t\t<input size=\"1\" type=\"text\" name=\"form_fields[field_abeee0e]\" id=\"form-field-field_abeee0e\" class=\"elementor-field elementor-size-sm  elementor-field-textual\" placeholder=\"Nom + pr\u00e9nom\" required=\"required\">\n\t\t\t\t\t\t\t\t\t\t\t<\/div>\n\t\t\t\t\t\t\t\t<div class=\"elementor-field-type-tel elementor-field-group elementor-column elementor-field-group-field_0b3d07a elementor-col-100 elementor-field-required\">\n\t\t\t\t\t\t\t\t\t\t\t\t<label for=\"form-field-field_0b3d07a\" class=\"elementor-field-label\">\n\t\t\t\t\t\t\t\tT\u00e9l\u00e9phone\t\t\t\t\t\t\t<\/label>\n\t\t\t\t\t\t\t\t<input size=\"1\" type=\"tel\" name=\"form_fields[field_0b3d07a]\" id=\"form-field-field_0b3d07a\" class=\"elementor-field elementor-size-sm  elementor-field-textual\" placeholder=\"T\u00e9l\u00e9phone\" required=\"required\" pattern=\"[0-9()#&amp;+*-=.]+\" title=\"Seuls les caract\u00e8res de num\u00e9ros de t\u00e9l\u00e9phone (#, -, *, etc.) sont accept\u00e9s.\">\n\n\t\t\t\t\t\t<\/div>\n\t\t\t\t\t\t\t\t<div class=\"elementor-field-type-email elementor-field-group elementor-column elementor-field-group-email elementor-col-100 elementor-field-required\">\n\t\t\t\t\t\t\t\t\t\t\t\t<label for=\"form-field-email\" class=\"elementor-field-label\">\n\t\t\t\t\t\t\t\tE-mail\t\t\t\t\t\t\t<\/label>\n\t\t\t\t\t\t\t\t\t\t\t\t\t\t<input size=\"1\" type=\"email\" name=\"form_fields[email]\" id=\"form-field-email\" class=\"elementor-field elementor-size-sm  elementor-field-textual\" placeholder=\"E-mail\" required=\"required\">\n\t\t\t\t\t\t\t\t\t\t\t<\/div>\n\t\t\t\t\t\t\t\t<div class=\"elementor-field-type-textarea elementor-field-group elementor-column elementor-field-group-message elementor-col-100\">\n\t\t\t\t\t\t\t\t\t\t\t\t<label for=\"form-field-message\" class=\"elementor-field-label\">\n\t\t\t\t\t\t\t\tMessage\t\t\t\t\t\t\t<\/label>\n\t\t\t\t\t\t<textarea class=\"elementor-field-textual elementor-field  elementor-size-sm\" name=\"form_fields[message]\" id=\"form-field-message\" rows=\"4\" placeholder=\"Message\"><\/textarea>\t\t\t\t<\/div>\n\t\t\t\t\t\t\t\t<div class=\"elementor-field-type-textarea elementor-field-group elementor-column elementor-field-group-field_28e7e35 elementor-col-100\">\n\t\t\t\t\t\t\t\t\t\t\t\t<label for=\"form-field-field_28e7e35\" class=\"elementor-field-label\">\n\t\t\t\t\t\t\t\tAutres infos sur votre demande\t\t\t\t\t\t\t<\/label>\n\t\t\t\t\t\t<textarea class=\"elementor-field-textual elementor-field  elementor-size-sm\" name=\"form_fields[field_28e7e35]\" id=\"form-field-field_28e7e35\" rows=\"4\" placeholder=\"Autres infos sur votre demande\"><\/textarea>\t\t\t\t<\/div>\n\t\t\t\t\t\t\t\t<div class=\"elementor-field-type-recaptcha_v3 elementor-field-group elementor-column elementor-field-group-field_d9cce22 elementor-col-100 recaptcha_v3-bottomright\">\n\t\t\t\t\t<div class=\"elementor-field\" id=\"form-field-field_d9cce22\"><div class=\"elementor-g-recaptcha\" data-sitekey=\"6LeAMgksAAAAACbuq1x7RR6pKFvl3duoS5CTNHSV\" data-type=\"v3\" data-action=\"Form\" data-badge=\"bottomright\" data-size=\"invisible\"><\/div><\/div>\t\t\t\t<\/div>\n\t\t\t\t\t\t\t\t<div class=\"elementor-field-group elementor-column elementor-field-type-submit elementor-col-100 e-form__buttons\">\n\t\t\t\t\t<button class=\"elementor-button elementor-size-sm\" type=\"submit\">\n\t\t\t\t\t\t<span class=\"elementor-button-content-wrapper\">\n\t\t\t\t\t\t\t\t\t\t\t\t\t\t\t\t\t\t\t\t\t\t<span class=\"elementor-button-text\">Envoyer<\/span>\n\t\t\t\t\t\t\t\t\t\t\t\t\t<\/span>\n\t\t\t\t\t<\/button>\n\t\t\t\t<\/div>\n\t\t\t<\/div>\n\t\t<\/form>\n\t\t\t\t\t\t<\/div>\n\t\t\t\t\t<\/div>\n\t\t<\/div>\n\t\t\t\t\t<\/div>\n\t\t<\/section>\n\t\t<div class=\"elementor-element elementor-element-b9ea847 e-flex e-con-boxed e-con e-parent\" data-id=\"b9ea847\" data-element_type=\"container\" data-e-type=\"container\">\n\t\t\t\t\t<div class=\"e-con-inner\">\n\t\t\t\t<div class=\"elementor-element elementor-element-72f643c elementor-widget elementor-widget-text-editor\" data-id=\"72f643c\" data-element_type=\"widget\" data-e-type=\"widget\" data-widget_type=\"text-editor.default\">\n\t\t\t\t\t\t\t\t\t<p>Conform\u00e9ment au RGPD entrant en vigueur le 25 mai 2018, les informations recueillies vous concernant font l\u2019objet d\u2019un traitement destin\u00e9 uniquement au Garage Iacolino Personne de contact : Garage Iacolino Responsable de la protection des donn\u00e9es : Garage Iacolino \u2013 Avenue de la Concorde 4100 Seraing \u2013 E-mail : info @ iacolino.be \u2013 T\u00e9l\u00e9phone : 04\/336.65.56 Vos donn\u00e9es ne seront trait\u00e9es qu\u2019en interne pour la constitution de votre dossier, elles ne seront pas distribu\u00e9es \u00e0 des tiers. En envoyant votre demande, vous marquez votre accord sur le traitement INTERNE de vos donn\u00e9es.<\/p>\t\t\t\t\t\t\t\t<\/div>\n\t\t\t\t\t<\/div>\n\t\t\t\t<\/div>\n\t\t<div class=\"elementor-element elementor-element-45e4764 e-flex e-con-boxed e-con e-parent\" data-id=\"45e4764\" data-element_type=\"container\" data-e-type=\"container\">\n\t\t\t\t\t<div class=\"e-con-inner\">\n\t\t<div class=\"elementor-element elementor-element-16cb7a0 e-con-full e-flex e-con e-child\" data-id=\"16cb7a0\" data-element_type=\"container\" data-e-type=\"container\">\n\t\t\t\t<\/div>\n\t\t<div class=\"elementor-element elementor-element-032c578 e-con-full e-flex e-con e-child\" data-id=\"032c578\" data-element_type=\"container\" data-e-type=\"container\">\n\t\t\t\t<\/div>\n\t\t<div class=\"elementor-element elementor-element-1870dd9 e-con-full e-flex e-con e-child\" data-id=\"1870dd9\" data-element_type=\"container\" data-e-type=\"container\">\n\t\t\t\t<div class=\"elementor-element elementor-element-94d8225 elementor-widget elementor-widget-image\" data-id=\"94d8225\" data-element_type=\"widget\" data-e-type=\"widget\" data-widget_type=\"image.default\">\n\t\t\t\t\t\t\t\t\t\t\t\t\t\t\t<img decoding=\"async\" width=\"300\" height=\"179\" src=\"https:\/\/iacolino.be\/peugeot\/wp-content\/uploads\/2025\/10\/protection-donnees-300x179-1.png\" class=\"attachment-large size-large wp-image-763\" alt=\"\" \/>\t\t\t\t\t\t\t\t\t\t\t\t\t\t\t<\/div>\n\t\t\t\t<\/div>\n\t\t<div class=\"elementor-element elementor-element-eaf23e6 e-con-full e-flex e-con e-child\" data-id=\"eaf23e6\" data-element_type=\"container\" data-e-type=\"container\">\n\t\t\t\t<\/div>\n\t\t<div class=\"elementor-element elementor-element-ff2197c e-con-full e-flex e-con e-child\" data-id=\"ff2197c\" data-element_type=\"container\" data-e-type=\"container\">\n\t\t\t\t<\/div>\n\t\t\t\t\t<\/div>\n\t\t\t\t<\/div>\n\t\t\t\t<\/div>\n\t\t","protected":false},"excerpt":{"rendered":"<p>Vous d\u00e9sirez acheter une nouvelle PEUGEOT ? Vous souhaitez tester votre nouveau v\u00e9hicule ? R\u00e9servez votre essai en compl\u00e9tant notre formulaire ci-dessous. Je souhaite r\u00e9server un essai. Conform\u00e9ment au RGPD entrant en vigueur le 25 mai 2018, les informations recueillies vous concernant font l\u2019objet d\u2019un traitement destin\u00e9 uniquement au Garage Iacolino Personne de contact : [&hellip;]<\/p>\n","protected":false},"author":2,"featured_media":0,"parent":0,"menu_order":0,"comment_status":"closed","ping_status":"closed","template":"elementor_header_footer","meta":{"footnotes":""},"class_list":["post-158","page","type-page","status-publish","hentry"],"yoast_head":"<!-- This site is optimized with the Yoast SEO plugin v27.4 - https:\/\/yoast.com\/product\/yoast-seo-wordpress\/ -->\n<title>Demande d&#039;essai Peugeot chez iacolino \u00e0 Seraing<\/title>\n<meta name=\"description\" content=\"Demande d&#039;essai Peugeot chez iacolino. Vous d\u00e9sirez faire un essai d&#039;une voiture Peugeot ? Demandez un essai via notre formulaire.\" \/>\n<meta name=\"robots\" content=\"index, follow, max-snippet:-1, max-image-preview:large, max-video-preview:-1\" \/>\n<link rel=\"canonical\" href=\"https:\/\/iacolino.be\/peugeot\/demande-dessai\/\" \/>\n<meta property=\"og:locale\" content=\"fr_FR\" \/>\n<meta property=\"og:type\" content=\"article\" \/>\n<meta property=\"og:title\" content=\"Demande d&#039;essai Peugeot chez iacolino \u00e0 Seraing\" \/>\n<meta property=\"og:description\" content=\"Demande d&#039;essai Peugeot chez iacolino. Vous d\u00e9sirez faire un essai d&#039;une voiture Peugeot ? Demandez un essai via notre formulaire.\" \/>\n<meta property=\"og:url\" content=\"https:\/\/iacolino.be\/peugeot\/demande-dessai\/\" \/>\n<meta property=\"og:site_name\" content=\"iacolino.be - Peugeot\" \/>\n<meta property=\"article:publisher\" content=\"https:\/\/www.facebook.com\/peugeotiacolinoseraing\/?locale=fr_FR\" \/>\n<meta property=\"article:modified_time\" content=\"2025-11-25T10:22:28+00:00\" \/>\n<meta property=\"og:image\" content=\"https:\/\/iacolino.be\/peugeot\/wp-content\/uploads\/2025\/10\/PGT_P64_PE_SLICE_NEWS_USP_D_x2.jpg\" \/>\n\t<meta property=\"og:image:width\" content=\"1920\" \/>\n\t<meta property=\"og:image:height\" content=\"1084\" \/>\n\t<meta property=\"og:image:type\" content=\"image\/jpeg\" \/>\n<meta name=\"twitter:card\" content=\"summary_large_image\" \/>\n<meta name=\"twitter:label1\" content=\"Dur\u00e9e de lecture estim\u00e9e\" \/>\n\t<meta name=\"twitter:data1\" content=\"1 minute\" \/>\n<script type=\"application\/ld+json\" class=\"yoast-schema-graph\">{\"@context\":\"https:\\\/\\\/schema.org\",\"@graph\":[{\"@type\":\"WebPage\",\"@id\":\"https:\\\/\\\/iacolino.be\\\/peugeot\\\/demande-dessai\\\/\",\"url\":\"https:\\\/\\\/iacolino.be\\\/peugeot\\\/demande-dessai\\\/\",\"name\":\"Demande d'essai Peugeot chez iacolino \u00e0 Seraing\",\"isPartOf\":{\"@id\":\"https:\\\/\\\/iacolino.be\\\/peugeot\\\/#website\"},\"primaryImageOfPage\":{\"@id\":\"https:\\\/\\\/iacolino.be\\\/peugeot\\\/demande-dessai\\\/#primaryimage\"},\"image\":{\"@id\":\"https:\\\/\\\/iacolino.be\\\/peugeot\\\/demande-dessai\\\/#primaryimage\"},\"thumbnailUrl\":\"https:\\\/\\\/iacolino.be\\\/peugeot\\\/wp-content\\\/uploads\\\/2025\\\/10\\\/PGT_P64_PE_SLICE_NEWS_USP_D_x2.jpg\",\"datePublished\":\"2025-10-28T15:52:39+00:00\",\"dateModified\":\"2025-11-25T10:22:28+00:00\",\"description\":\"Demande d'essai Peugeot chez iacolino. Vous d\u00e9sirez faire un essai d'une voiture Peugeot ? Demandez un essai via notre formulaire.\",\"breadcrumb\":{\"@id\":\"https:\\\/\\\/iacolino.be\\\/peugeot\\\/demande-dessai\\\/#breadcrumb\"},\"inLanguage\":\"fr-FR\",\"potentialAction\":[{\"@type\":\"ReadAction\",\"target\":[\"https:\\\/\\\/iacolino.be\\\/peugeot\\\/demande-dessai\\\/\"]}]},{\"@type\":\"ImageObject\",\"inLanguage\":\"fr-FR\",\"@id\":\"https:\\\/\\\/iacolino.be\\\/peugeot\\\/demande-dessai\\\/#primaryimage\",\"url\":\"https:\\\/\\\/iacolino.be\\\/peugeot\\\/wp-content\\\/uploads\\\/2025\\\/10\\\/PGT_P64_PE_SLICE_NEWS_USP_D_x2.jpg\",\"contentUrl\":\"https:\\\/\\\/iacolino.be\\\/peugeot\\\/wp-content\\\/uploads\\\/2025\\\/10\\\/PGT_P64_PE_SLICE_NEWS_USP_D_x2.jpg\",\"width\":1920,\"height\":1084},{\"@type\":\"BreadcrumbList\",\"@id\":\"https:\\\/\\\/iacolino.be\\\/peugeot\\\/demande-dessai\\\/#breadcrumb\",\"itemListElement\":[{\"@type\":\"ListItem\",\"position\":1,\"name\":\"Accueil\",\"item\":\"https:\\\/\\\/iacolino.be\\\/peugeot\\\/\"},{\"@type\":\"ListItem\",\"position\":2,\"name\":\"Demande d&rsquo;essai\"}]},{\"@type\":\"WebSite\",\"@id\":\"https:\\\/\\\/iacolino.be\\\/peugeot\\\/#website\",\"url\":\"https:\\\/\\\/iacolino.be\\\/peugeot\\\/\",\"name\":\"iacolino.be - Peugeot\",\"description\":\"\",\"potentialAction\":[{\"@type\":\"SearchAction\",\"target\":{\"@type\":\"EntryPoint\",\"urlTemplate\":\"https:\\\/\\\/iacolino.be\\\/peugeot\\\/?s={search_term_string}\"},\"query-input\":{\"@type\":\"PropertyValueSpecification\",\"valueRequired\":true,\"valueName\":\"search_term_string\"}}],\"inLanguage\":\"fr-FR\"}]}<\/script>\n<!-- \/ Yoast SEO plugin. -->","yoast_head_json":{"title":"Demande d'essai Peugeot chez iacolino \u00e0 Seraing","description":"Demande d'essai Peugeot chez iacolino. Vous d\u00e9sirez faire un essai d'une voiture Peugeot ? Demandez un essai via notre formulaire.","robots":{"index":"index","follow":"follow","max-snippet":"max-snippet:-1","max-image-preview":"max-image-preview:large","max-video-preview":"max-video-preview:-1"},"canonical":"https:\/\/iacolino.be\/peugeot\/demande-dessai\/","og_locale":"fr_FR","og_type":"article","og_title":"Demande d'essai Peugeot chez iacolino \u00e0 Seraing","og_description":"Demande d'essai Peugeot chez iacolino. Vous d\u00e9sirez faire un essai d'une voiture Peugeot ? Demandez un essai via notre formulaire.","og_url":"https:\/\/iacolino.be\/peugeot\/demande-dessai\/","og_site_name":"iacolino.be - Peugeot","article_publisher":"https:\/\/www.facebook.com\/peugeotiacolinoseraing\/?locale=fr_FR","article_modified_time":"2025-11-25T10:22:28+00:00","og_image":[{"width":1920,"height":1084,"url":"https:\/\/iacolino.be\/peugeot\/wp-content\/uploads\/2025\/10\/PGT_P64_PE_SLICE_NEWS_USP_D_x2.jpg","type":"image\/jpeg"}],"twitter_card":"summary_large_image","twitter_misc":{"Dur\u00e9e de lecture estim\u00e9e":"1 minute"},"schema":{"@context":"https:\/\/schema.org","@graph":[{"@type":"WebPage","@id":"https:\/\/iacolino.be\/peugeot\/demande-dessai\/","url":"https:\/\/iacolino.be\/peugeot\/demande-dessai\/","name":"Demande d'essai Peugeot chez iacolino \u00e0 Seraing","isPartOf":{"@id":"https:\/\/iacolino.be\/peugeot\/#website"},"primaryImageOfPage":{"@id":"https:\/\/iacolino.be\/peugeot\/demande-dessai\/#primaryimage"},"image":{"@id":"https:\/\/iacolino.be\/peugeot\/demande-dessai\/#primaryimage"},"thumbnailUrl":"https:\/\/iacolino.be\/peugeot\/wp-content\/uploads\/2025\/10\/PGT_P64_PE_SLICE_NEWS_USP_D_x2.jpg","datePublished":"2025-10-28T15:52:39+00:00","dateModified":"2025-11-25T10:22:28+00:00","description":"Demande d'essai Peugeot chez iacolino. Vous d\u00e9sirez faire un essai d'une voiture Peugeot ? Demandez un essai via notre formulaire.","breadcrumb":{"@id":"https:\/\/iacolino.be\/peugeot\/demande-dessai\/#breadcrumb"},"inLanguage":"fr-FR","potentialAction":[{"@type":"ReadAction","target":["https:\/\/iacolino.be\/peugeot\/demande-dessai\/"]}]},{"@type":"ImageObject","inLanguage":"fr-FR","@id":"https:\/\/iacolino.be\/peugeot\/demande-dessai\/#primaryimage","url":"https:\/\/iacolino.be\/peugeot\/wp-content\/uploads\/2025\/10\/PGT_P64_PE_SLICE_NEWS_USP_D_x2.jpg","contentUrl":"https:\/\/iacolino.be\/peugeot\/wp-content\/uploads\/2025\/10\/PGT_P64_PE_SLICE_NEWS_USP_D_x2.jpg","width":1920,"height":1084},{"@type":"BreadcrumbList","@id":"https:\/\/iacolino.be\/peugeot\/demande-dessai\/#breadcrumb","itemListElement":[{"@type":"ListItem","position":1,"name":"Accueil","item":"https:\/\/iacolino.be\/peugeot\/"},{"@type":"ListItem","position":2,"name":"Demande d&rsquo;essai"}]},{"@type":"WebSite","@id":"https:\/\/iacolino.be\/peugeot\/#website","url":"https:\/\/iacolino.be\/peugeot\/","name":"iacolino.be - Peugeot","description":"","potentialAction":[{"@type":"SearchAction","target":{"@type":"EntryPoint","urlTemplate":"https:\/\/iacolino.be\/peugeot\/?s={search_term_string}"},"query-input":{"@type":"PropertyValueSpecification","valueRequired":true,"valueName":"search_term_string"}}],"inLanguage":"fr-FR"}]}},"_links":{"self":[{"href":"https:\/\/iacolino.be\/peugeot\/wp-json\/wp\/v2\/pages\/158","targetHints":{"allow":["GET"]}}],"collection":[{"href":"https:\/\/iacolino.be\/peugeot\/wp-json\/wp\/v2\/pages"}],"about":[{"href":"https:\/\/iacolino.be\/peugeot\/wp-json\/wp\/v2\/types\/page"}],"author":[{"embeddable":true,"href":"https:\/\/iacolino.be\/peugeot\/wp-json\/wp\/v2\/users\/2"}],"replies":[{"embeddable":true,"href":"https:\/\/iacolino.be\/peugeot\/wp-json\/wp\/v2\/comments?post=158"}],"version-history":[{"count":8,"href":"https:\/\/iacolino.be\/peugeot\/wp-json\/wp\/v2\/pages\/158\/revisions"}],"predecessor-version":[{"id":1030,"href":"https:\/\/iacolino.be\/peugeot\/wp-json\/wp\/v2\/pages\/158\/revisions\/1030"}],"wp:attachment":[{"href":"https:\/\/iacolino.be\/peugeot\/wp-json\/wp\/v2\/media?parent=158"}],"curies":[{"name":"wp","href":"https:\/\/api.w.org\/{rel}","templated":true}]}}