{"id":160,"date":"2025-10-28T16:52:59","date_gmt":"2025-10-28T15:52:59","guid":{"rendered":"https:\/\/iacolino.be\/peugeot\/?page_id=160"},"modified":"2025-10-31T22:21:41","modified_gmt":"2025-10-31T21:21:41","slug":"news","status":"publish","type":"page","link":"https:\/\/iacolino.be\/peugeot\/news\/","title":{"rendered":"News"},"content":{"rendered":"<style>.elementor-160 .elementor-element.elementor-element-d078cd6{--display:flex;--flex-direction:column;--container-widget-width:100%;--container-widget-height:initial;--container-widget-flex-grow:0;--container-widget-align-self:initial;--flex-wrap-mobile:wrap;}.elementor-160 .elementor-element.elementor-element-18d747c1 > .elementor-container{max-width:720px;}.elementor-160 .elementor-element.elementor-element-18d747c1:not(.elementor-motion-effects-element-type-background), .elementor-160 .elementor-element.elementor-element-18d747c1 > .elementor-motion-effects-container > .elementor-motion-effects-layer{background-color:var( --e-global-color-e256bec );}.elementor-160 .elementor-element.elementor-element-18d747c1{transition:background 0.3s, border 0.3s, border-radius 0.3s, box-shadow 0.3s;padding:3em 0em 3em 0em;}.elementor-160 .elementor-element.elementor-element-18d747c1 > .elementor-background-overlay{transition:background 0.3s, border-radius 0.3s, opacity 0.3s;}.elementor-160 .elementor-element.elementor-element-7daed7e9 > .elementor-widget-wrap > .elementor-widget:not(.elementor-widget__width-auto):not(.elementor-widget__width-initial):not(:last-child):not(.elementor-absolute){--kit-widget-spacing:0px;}.elementor-160 .elementor-element.elementor-element-7daed7e9 > .elementor-element-populated{padding:2em 2em 2em 2em;}.elementor-160 .elementor-element.elementor-element-2efd1171{text-align:center;}.elementor-160 .elementor-element.elementor-element-2efd1171 .elementor-heading-title{color:var( --e-global-color-3e768a3 );}.elementor-160 .elementor-element.elementor-element-2b43dcbb{text-align:center;}.elementor-160 .elementor-element.elementor-element-5ae62d2{--display:flex;--flex-direction:column;--container-widget-width:100%;--container-widget-height:initial;--container-widget-flex-grow:0;--container-widget-align-self:initial;--flex-wrap-mobile:wrap;}.elementor-160 .elementor-element.elementor-element-9c1dd75{--spacer-size:50px;}.elementor-160 .elementor-element.elementor-element-edd3ccb{--display:flex;--flex-direction:column;--container-widget-width:100%;--container-widget-height:initial;--container-widget-flex-grow:0;--container-widget-align-self:initial;--flex-wrap-mobile:wrap;}.elementor-160 .elementor-element.elementor-element-4b824b3 .elementor-posts-container .elementor-post__thumbnail{padding-bottom:calc( 0.66 * 100% );}.elementor-160 .elementor-element.elementor-element-4b824b3:after{content:\"0.66\";}.elementor-160 .elementor-element.elementor-element-4b824b3 .elementor-post__thumbnail__link{width:100%;}.elementor-160 .elementor-element.elementor-element-4b824b3{--grid-column-gap:30px;--grid-row-gap:35px;}.elementor-160 .elementor-element.elementor-element-4b824b3.elementor-posts--thumbnail-left .elementor-post__thumbnail__link{margin-right:20px;}.elementor-160 .elementor-element.elementor-element-4b824b3.elementor-posts--thumbnail-right .elementor-post__thumbnail__link{margin-left:20px;}.elementor-160 .elementor-element.elementor-element-4b824b3.elementor-posts--thumbnail-top .elementor-post__thumbnail__link{margin-bottom:20px;}.elementor-160 .elementor-element.elementor-element-4b824b3 .elementor-post__title, .elementor-160 .elementor-element.elementor-element-4b824b3 .elementor-post__title a{color:var( --e-global-color-c4e8d03 );text-transform:uppercase;}.elementor-160 .elementor-element.elementor-element-4b824b3 .elementor-post__read-more{color:var( --e-global-color-c4e8d03 );}@media(max-width:1024px){.elementor-160 .elementor-element.elementor-element-18d747c1{padding:1em 0em 1em 0em;}}@media(max-width:767px){.elementor-160 .elementor-element.elementor-element-4b824b3 .elementor-posts-container .elementor-post__thumbnail{padding-bottom:calc( 0.5 * 100% );}.elementor-160 .elementor-element.elementor-element-4b824b3:after{content:\"0.5\";}.elementor-160 .elementor-element.elementor-element-4b824b3 .elementor-post__thumbnail__link{width:100%;}}<\/style>\t\t<div data-elementor-type=\"wp-page\" data-elementor-id=\"160\" class=\"elementor elementor-160\" data-elementor-post-type=\"page\">\n\t\t\t\t<div class=\"elementor-element elementor-element-d078cd6 e-con-full e-flex e-con e-parent\" data-id=\"d078cd6\" data-element_type=\"container\" data-e-type=\"container\">\n\t\t\t\t<\/div>\n\t\t\t\t<section class=\"elementor-section elementor-inner-section elementor-element elementor-element-18d747c1 elementor-section-boxed elementor-section-height-default elementor-section-height-default\" data-id=\"18d747c1\" data-element_type=\"section\" data-e-type=\"section\" data-settings=\"{&quot;background_background&quot;:&quot;classic&quot;}\">\n\t\t\t\t\t\t<div class=\"elementor-container elementor-column-gap-default\">\n\t\t\t\t\t<div class=\"elementor-column elementor-col-100 elementor-inner-column elementor-element elementor-element-7daed7e9\" data-id=\"7daed7e9\" data-element_type=\"column\" data-e-type=\"column\">\n\t\t\t<div class=\"elementor-widget-wrap elementor-element-populated\">\n\t\t\t\t\t\t<div class=\"elementor-element elementor-element-2efd1171 elementor-widget elementor-widget-heading\" data-id=\"2efd1171\" data-element_type=\"widget\" data-e-type=\"widget\" data-widget_type=\"heading.default\">\n\t\t\t\t\t<h1 class=\"elementor-heading-title elementor-size-default\">News<\/h1>\t\t\t\t<\/div>\n\t\t\t\t\t<\/div>\n\t\t<\/div>\n\t\t\t\t\t<\/div>\n\t\t<\/section>\n\t\t<div class=\"elementor-element elementor-element-5ae62d2 e-flex e-con-boxed e-con e-parent\" data-id=\"5ae62d2\" data-element_type=\"container\" data-e-type=\"container\">\n\t\t\t\t\t<div class=\"e-con-inner\">\n\t\t\t\t<div class=\"elementor-element elementor-element-9c1dd75 elementor-widget elementor-widget-spacer\" data-id=\"9c1dd75\" data-element_type=\"widget\" data-e-type=\"widget\" data-widget_type=\"spacer.default\">\n\t\t\t\t\t\t\t<div class=\"elementor-spacer\">\n\t\t\t<div class=\"elementor-spacer-inner\"><\/div>\n\t\t<\/div>\n\t\t\t\t\t\t<\/div>\n\t\t\t\t\t<\/div>\n\t\t\t\t<\/div>\n\t\t<div class=\"elementor-element elementor-element-edd3ccb e-flex e-con-boxed e-con e-parent\" data-id=\"edd3ccb\" data-element_type=\"container\" data-e-type=\"container\">\n\t\t\t\t\t<div class=\"e-con-inner\">\n\t\t\t\t<div class=\"elementor-element elementor-element-4b824b3 elementor-posts--align-center elementor-grid-3 elementor-grid-tablet-2 elementor-grid-mobile-1 elementor-posts--thumbnail-top elementor-widget elementor-widget-posts\" data-id=\"4b824b3\" data-element_type=\"widget\" data-e-type=\"widget\" data-settings=\"{&quot;classic_columns&quot;:&quot;3&quot;,&quot;classic_columns_tablet&quot;:&quot;2&quot;,&quot;classic_columns_mobile&quot;:&quot;1&quot;,&quot;classic_row_gap&quot;:{&quot;unit&quot;:&quot;px&quot;,&quot;size&quot;:35,&quot;sizes&quot;:[]},&quot;classic_row_gap_tablet&quot;:{&quot;unit&quot;:&quot;px&quot;,&quot;size&quot;:&quot;&quot;,&quot;sizes&quot;:[]},&quot;classic_row_gap_mobile&quot;:{&quot;unit&quot;:&quot;px&quot;,&quot;size&quot;:&quot;&quot;,&quot;sizes&quot;:[]}}\" data-widget_type=\"posts.classic\">\n\t\t\t\t<div class=\"elementor-widget-container\">\n\t\t\t\t\t\t\t<div class=\"elementor-posts-container elementor-posts elementor-posts--skin-classic elementor-grid\" role=\"list\">\n\t\t\t\t<article class=\"elementor-post elementor-grid-item post-916 post type-post status-publish format-standard has-post-thumbnail hentry category-non-classe\" role=\"listitem\">\n\t\t\t\t<a class=\"elementor-post__thumbnail__link\" href=\"https:\/\/iacolino.be\/peugeot\/vehicule-peugeot-de-stock-iacolino\/\" tabindex=\"-1\" >\n\t\t\t<div class=\"elementor-post__thumbnail\"><img decoding=\"async\" width=\"300\" height=\"150\" src=\"https:\/\/iacolino.be\/peugeot\/wp-content\/uploads\/2025\/10\/peugeot-vehicules-de-stock-300x150.jpg\" class=\"attachment-medium size-medium wp-image-918\" alt=\"\" srcset=\"https:\/\/iacolino.be\/peugeot\/wp-content\/uploads\/2025\/10\/peugeot-vehicules-de-stock-300x150.jpg 300w, https:\/\/iacolino.be\/peugeot\/wp-content\/uploads\/2025\/10\/peugeot-vehicules-de-stock-768x384.jpg 768w, https:\/\/iacolino.be\/peugeot\/wp-content\/uploads\/2025\/10\/peugeot-vehicules-de-stock.jpg 800w\" sizes=\"(max-width: 300px) 100vw, 300px\" \/><\/div>\n\t\t<\/a>\n\t\t\t\t<div class=\"elementor-post__text\">\n\t\t\t\t<h3 class=\"elementor-post__title\">\n\t\t\t<a href=\"https:\/\/iacolino.be\/peugeot\/vehicule-peugeot-de-stock-iacolino\/\" >\n\t\t\t\tV\u00e9hicules de stock\t\t\t<\/a>\n\t\t<\/h3>\n\t\t\t\t<div class=\"elementor-post__excerpt\">\n\t\t\t<p>L\u2019excellence automobile vous attend au Garage Iacolino.D\u00e9couvrez d\u00e8s maintenant notre s\u00e9lection de v\u00e9hicules de stock pr\u00eats \u00e0 partir.Design, confort, performance \u2014 chaque mod\u00e8le a \u00e9t\u00e9<\/p>\n\t\t<\/div>\n\t\t\n\t\t<a class=\"elementor-post__read-more\" href=\"https:\/\/iacolino.be\/peugeot\/vehicule-peugeot-de-stock-iacolino\/\" aria-label=\"En savoir plus sur V\u00e9hicules de stock\" tabindex=\"-1\" >\n\t\t\tLire la suite \u00bb\t\t<\/a>\n\n\t\t\t\t<\/div>\n\t\t\t\t<\/article>\n\t\t\t\t<\/div>\n\t\t\n\t\t\t\t\t\t<\/div>\n\t\t\t\t<\/div>\n\t\t\t\t\t<\/div>\n\t\t\t\t<\/div>\n\t\t\t\t<\/div>\n\t\t","protected":false},"excerpt":{"rendered":"","protected":false},"author":2,"featured_media":0,"parent":0,"menu_order":0,"comment_status":"closed","ping_status":"closed","template":"elementor_header_footer","meta":{"footnotes":""},"class_list":["post-160","page","type-page","status-publish","hentry"],"yoast_head":"<!-- This site is optimized with the Yoast SEO plugin v27.4 - https:\/\/yoast.com\/product\/yoast-seo-wordpress\/ -->\n<title>Actualit\u00e9s Peugeot iacolino Seraing<\/title>\n<meta name=\"description\" content=\"Actualit\u00e9s Peugeot iacolino Seraing. Retrouvez tous les conseils, actualit\u00e9s et promos dans cette rubrique : actualit\u00e9s.\" \/>\n<meta name=\"robots\" content=\"index, follow, max-snippet:-1, max-image-preview:large, max-video-preview:-1\" \/>\n<link rel=\"canonical\" href=\"https:\/\/iacolino.be\/peugeot\/news\/\" \/>\n<meta property=\"og:locale\" content=\"fr_FR\" \/>\n<meta property=\"og:type\" content=\"article\" \/>\n<meta property=\"og:title\" content=\"Actualit\u00e9s Peugeot iacolino Seraing\" \/>\n<meta property=\"og:description\" content=\"Actualit\u00e9s Peugeot iacolino Seraing. Retrouvez tous les conseils, actualit\u00e9s et promos dans cette rubrique : actualit\u00e9s.\" \/>\n<meta property=\"og:url\" content=\"https:\/\/iacolino.be\/peugeot\/news\/\" \/>\n<meta property=\"og:site_name\" content=\"iacolino.be - Peugeot\" \/>\n<meta property=\"article:publisher\" content=\"https:\/\/www.facebook.com\/peugeotiacolinoseraing\/?locale=fr_FR\" \/>\n<meta property=\"article:modified_time\" content=\"2025-10-31T21:21:41+00:00\" \/>\n<meta name=\"twitter:card\" content=\"summary_large_image\" \/>\n<meta name=\"twitter:label1\" content=\"Dur\u00e9e de lecture estim\u00e9e\" \/>\n\t<meta name=\"twitter:data1\" content=\"1 minute\" \/>\n<script type=\"application\/ld+json\" class=\"yoast-schema-graph\">{\"@context\":\"https:\\\/\\\/schema.org\",\"@graph\":[{\"@type\":\"WebPage\",\"@id\":\"https:\\\/\\\/iacolino.be\\\/peugeot\\\/news\\\/\",\"url\":\"https:\\\/\\\/iacolino.be\\\/peugeot\\\/news\\\/\",\"name\":\"Actualit\u00e9s Peugeot iacolino Seraing\",\"isPartOf\":{\"@id\":\"https:\\\/\\\/iacolino.be\\\/peugeot\\\/#website\"},\"datePublished\":\"2025-10-28T15:52:59+00:00\",\"dateModified\":\"2025-10-31T21:21:41+00:00\",\"description\":\"Actualit\u00e9s Peugeot iacolino Seraing. Retrouvez tous les conseils, actualit\u00e9s et promos dans cette rubrique : actualit\u00e9s.\",\"breadcrumb\":{\"@id\":\"https:\\\/\\\/iacolino.be\\\/peugeot\\\/news\\\/#breadcrumb\"},\"inLanguage\":\"fr-FR\",\"potentialAction\":[{\"@type\":\"ReadAction\",\"target\":[\"https:\\\/\\\/iacolino.be\\\/peugeot\\\/news\\\/\"]}]},{\"@type\":\"BreadcrumbList\",\"@id\":\"https:\\\/\\\/iacolino.be\\\/peugeot\\\/news\\\/#breadcrumb\",\"itemListElement\":[{\"@type\":\"ListItem\",\"position\":1,\"name\":\"Accueil\",\"item\":\"https:\\\/\\\/iacolino.be\\\/peugeot\\\/\"},{\"@type\":\"ListItem\",\"position\":2,\"name\":\"News\"}]},{\"@type\":\"WebSite\",\"@id\":\"https:\\\/\\\/iacolino.be\\\/peugeot\\\/#website\",\"url\":\"https:\\\/\\\/iacolino.be\\\/peugeot\\\/\",\"name\":\"iacolino.be - Peugeot\",\"description\":\"\",\"potentialAction\":[{\"@type\":\"SearchAction\",\"target\":{\"@type\":\"EntryPoint\",\"urlTemplate\":\"https:\\\/\\\/iacolino.be\\\/peugeot\\\/?s={search_term_string}\"},\"query-input\":{\"@type\":\"PropertyValueSpecification\",\"valueRequired\":true,\"valueName\":\"search_term_string\"}}],\"inLanguage\":\"fr-FR\"}]}<\/script>\n<!-- \/ Yoast SEO plugin. -->","yoast_head_json":{"title":"Actualit\u00e9s Peugeot iacolino Seraing","description":"Actualit\u00e9s Peugeot iacolino Seraing. Retrouvez tous les conseils, actualit\u00e9s et promos dans cette rubrique : actualit\u00e9s.","robots":{"index":"index","follow":"follow","max-snippet":"max-snippet:-1","max-image-preview":"max-image-preview:large","max-video-preview":"max-video-preview:-1"},"canonical":"https:\/\/iacolino.be\/peugeot\/news\/","og_locale":"fr_FR","og_type":"article","og_title":"Actualit\u00e9s Peugeot iacolino Seraing","og_description":"Actualit\u00e9s Peugeot iacolino Seraing. Retrouvez tous les conseils, actualit\u00e9s et promos dans cette rubrique : actualit\u00e9s.","og_url":"https:\/\/iacolino.be\/peugeot\/news\/","og_site_name":"iacolino.be - Peugeot","article_publisher":"https:\/\/www.facebook.com\/peugeotiacolinoseraing\/?locale=fr_FR","article_modified_time":"2025-10-31T21:21:41+00:00","twitter_card":"summary_large_image","twitter_misc":{"Dur\u00e9e de lecture estim\u00e9e":"1 minute"},"schema":{"@context":"https:\/\/schema.org","@graph":[{"@type":"WebPage","@id":"https:\/\/iacolino.be\/peugeot\/news\/","url":"https:\/\/iacolino.be\/peugeot\/news\/","name":"Actualit\u00e9s Peugeot iacolino Seraing","isPartOf":{"@id":"https:\/\/iacolino.be\/peugeot\/#website"},"datePublished":"2025-10-28T15:52:59+00:00","dateModified":"2025-10-31T21:21:41+00:00","description":"Actualit\u00e9s Peugeot iacolino Seraing. Retrouvez tous les conseils, actualit\u00e9s et promos dans cette rubrique : actualit\u00e9s.","breadcrumb":{"@id":"https:\/\/iacolino.be\/peugeot\/news\/#breadcrumb"},"inLanguage":"fr-FR","potentialAction":[{"@type":"ReadAction","target":["https:\/\/iacolino.be\/peugeot\/news\/"]}]},{"@type":"BreadcrumbList","@id":"https:\/\/iacolino.be\/peugeot\/news\/#breadcrumb","itemListElement":[{"@type":"ListItem","position":1,"name":"Accueil","item":"https:\/\/iacolino.be\/peugeot\/"},{"@type":"ListItem","position":2,"name":"News"}]},{"@type":"WebSite","@id":"https:\/\/iacolino.be\/peugeot\/#website","url":"https:\/\/iacolino.be\/peugeot\/","name":"iacolino.be - Peugeot","description":"","potentialAction":[{"@type":"SearchAction","target":{"@type":"EntryPoint","urlTemplate":"https:\/\/iacolino.be\/peugeot\/?s={search_term_string}"},"query-input":{"@type":"PropertyValueSpecification","valueRequired":true,"valueName":"search_term_string"}}],"inLanguage":"fr-FR"}]}},"_links":{"self":[{"href":"https:\/\/iacolino.be\/peugeot\/wp-json\/wp\/v2\/pages\/160","targetHints":{"allow":["GET"]}}],"collection":[{"href":"https:\/\/iacolino.be\/peugeot\/wp-json\/wp\/v2\/pages"}],"about":[{"href":"https:\/\/iacolino.be\/peugeot\/wp-json\/wp\/v2\/types\/page"}],"author":[{"embeddable":true,"href":"https:\/\/iacolino.be\/peugeot\/wp-json\/wp\/v2\/users\/2"}],"replies":[{"embeddable":true,"href":"https:\/\/iacolino.be\/peugeot\/wp-json\/wp\/v2\/comments?post=160"}],"version-history":[{"count":22,"href":"https:\/\/iacolino.be\/peugeot\/wp-json\/wp\/v2\/pages\/160\/revisions"}],"predecessor-version":[{"id":937,"href":"https:\/\/iacolino.be\/peugeot\/wp-json\/wp\/v2\/pages\/160\/revisions\/937"}],"wp:attachment":[{"href":"https:\/\/iacolino.be\/peugeot\/wp-json\/wp\/v2\/media?parent=160"}],"curies":[{"name":"wp","href":"https:\/\/api.w.org\/{rel}","templated":true}]}}